{"id":3,"date":"2024-12-09T12:16:30","date_gmt":"2024-12-09T12:16:30","guid":{"rendered":"https:\/\/ticket.petzooafrica.com\/?page_id=3"},"modified":"2024-12-26T12:43:30","modified_gmt":"2024-12-26T09:43:30","slug":"kvkk","status":"publish","type":"page","link":"https:\/\/ticket.petzooafrica.com\/ar\/kvkk\/","title":{"rendered":"KVKK"},"content":{"rendered":"<p><strong>K\u0130\u015e\u0130SEL VER\u0130LER\u0130N KORUNMASI KANUNU KAPSAMINDA AYDINLATMA METN\u0130<\/strong><\/p>\r\n<p>ULUSAL FUARCILIK ORGAN\u0130ZASYON T\u0130CARET L\u0130M\u0130TED \u015e\u0130RKET\u0130,\u00a0 6698 SAYILI K\u0130\u015e\u0130SEL VER\u0130LER\u0130N KORUNMASI KANUNU KAPSAMINDA AYDINLATMA METN\u0130<\/p>\r\n<p>Ulusal Fuarc\u0131l\u0131k Organizasyon Ticaret Limited \u015eirketi, y\u00fcr\u00fctt\u00fc\u011f\u00fc faaliyetler kapsam\u0131nda i\u015fledi\u011fi ki\u015fisel verilerinizi korumak i\u00e7in, 6698 Say\u0131l\u0131 Ki\u015fisel Verilerin Korunmas\u0131 Kanunu\u2019na (\u201cKVKK\u201d) uygun olarak her t\u00fcrl\u00fc teknik ve hukuki tedbiri almaktad\u0131r. \u0130lgili ki\u015filer; i\u015flenen ki\u015fisel veri kategorilerini, ki\u015fisel verilerin i\u015flenmesinin hukuki sebeplerini, \u00fc\u00e7\u00fcnc\u00fc ki\u015filere aktar\u0131m\u0131 yap\u0131lan verileri ve bu aktar\u0131m\u0131n amac\u0131 ile KVKK kapsam\u0131nda yer alan haklar\u0131na ili\u015fkin ayr\u0131nt\u0131l\u0131 bilgilere a\u015fa\u011f\u0131daki ayd\u0131nlatma metninden ula\u015fabilirler.<\/p>\r\n<p>&nbsp;<\/p>\r\n<p><strong>AMA\u00c7 VE KAPSAM<\/strong><\/p>\r\n<p>Bu politikan\u0131n temel amac\u0131, \u015eirketimiz taraf\u0131ndan ki\u015fisel verilerin toplanmas\u0131, saklanmas\u0131, i\u015flenmesi, payla\u015f\u0131lmas\u0131 ve aktar\u0131lmas\u0131na ili\u015fkin s\u00fcre\u00e7lerimiz hakk\u0131nda \u015eirket yetkililerimizi, \u00e7al\u0131\u015fanlar\u0131m\u0131z\u0131, ortaklar\u0131m\u0131z\u0131, m\u00fc\u015fterilerimizi, tedarik\u00e7ilerimizi, i\u015f birli\u011fi i\u00e7inde oldu\u011fumuz kurumlar\u0131 ve bu kurumlar\u0131n \u00e7al\u0131\u015fanlar\u0131n\u0131 ve yetkililerini ve ayr\u0131ca ki\u015fisel verileri \u015eirketimiz taraf\u0131ndan i\u015flenen ki\u015fileri bilgilendirmektir.<\/p>\r\n<p>\u015eirketimizin temel prensibi, ki\u015fisel verilerin i\u015flenmesinde \u015feffafl\u0131\u011f\u0131 sa\u011flamak, fark\u0131ndal\u0131\u011f\u0131 y\u00fckseltmek, ilgili t\u00fcm taraflar\u0131n haklar\u0131n\u0131 ve sorumluluklar\u0131n\u0131 belirtmektir. ULUSAL FUARCILIK ORGAN\u0130ZASYON T\u0130CARET L\u0130M\u0130TED \u015e\u0130RKET\u0130\u2019nin KVKK ve ilgili y\u00f6netmelikte yap\u0131lacak de\u011fi\u015fikler do\u011frultusunda, Protokol\u2019de de\u011fi\u015fiklik yapma hakk\u0131 sakl\u0131d\u0131r.<\/p>\r\n<p>&nbsp;<\/p>\r\n<p><strong>K\u0130\u015e\u0130SEL VER\u0130LER\u0130N \u0130\u015eLENME AMA\u00c7LARI<\/strong><\/p>\r\n<p>\u015eirketimizin toplad\u0131\u011f\u0131 ki\u015fisel veriler, Kanun\u2019un 5. ve 6. maddelerinde belirtilen ki\u015fisel veri i\u015fleme \u015fartlar\u0131ndan birine veya birka\u00e7\u0131na dayal\u0131 olarak i\u015flenebilmektedir. Dolay\u0131s\u0131yla \u00f6ncelikle ki\u015fisel veri i\u015fleme faaliyetlerinin bu \u015fartlardan birinin kapsam\u0131na girip girmedi\u011fi \u015eirketimizce incelenmekte, bu \u015fartlardan herhangi birinin mevcut olmamas\u0131 halinde ise veri sahibinin daha \u00f6nceden al\u0131nm\u0131\u015f veya yeni al\u0131nan a\u00e7\u0131k r\u0131zas\u0131na dayan\u0131larak ki\u015fisel veriler i\u015flemektedir.<\/p>\r\n<p>Kanun\u2019un 5. ve 6. maddelerinde say\u0131lan \u015fartlar ise \u015funlard\u0131r: Ki\u015fisel verilerin i\u015flenmesine ili\u015fkin \u015eirketimizin ilgili faaliyette bulunmas\u0131n\u0131n kanunlarda a\u00e7\u0131k\u00e7a \u00f6ng\u00f6r\u00fclmesi, ki\u015fisel verilerin \u015eirketimiz taraf\u0131ndan i\u015flenmesinin bir s\u00f6zle\u015fmenin kurulmas\u0131 veya ifas\u0131yla do\u011frudan do\u011fruya ilgili ve gerekli olmas\u0131, ki\u015fisel verilerin i\u015flenmesinin \u015eirketimizin hukuki y\u00fck\u00fcml\u00fcl\u00fc\u011f\u00fcn\u00fc yerine getirebilmesi i\u00e7in zorunlu olmas\u0131, ki\u015fisel verilerin alenile\u015ftirilmi\u015f olmas\u0131 \u015fart\u0131yla; alenile\u015ftirme amac\u0131yla s\u0131n\u0131rl\u0131 bir \u015fekilde \u015eirketimiz taraf\u0131ndan i\u015flenmesi, ki\u015fisel verilerin \u015eirketimiz taraf\u0131ndan i\u015flenmesinin \u015eirketimizin, verisi i\u015flenen ki\u015filerin veya \u00fc\u00e7\u00fcnc\u00fc ki\u015filerin haklar\u0131n\u0131n tesisi, kullan\u0131lmas\u0131 veya korunmas\u0131 i\u00e7in zorunlu olmas\u0131, veri sahibinin temel hak ve \u00f6zg\u00fcrl\u00fcklerine zarar vermemek kayd\u0131yla \u015eirketimizin me\u015fru menfaatleri i\u00e7in ki\u015fisel veri i\u015fleme faaliyetinde bulunulmas\u0131n\u0131n zorunlu olmas\u0131, veri sahibinin sa\u011fl\u0131\u011f\u0131 ve cinsel hayat\u0131 d\u0131\u015f\u0131ndaki \u00f6zel nitelikli ki\u015fisel veriler a\u00e7\u0131s\u0131ndan kanunlarda \u00f6ng\u00f6r\u00fclm\u00fc\u015f olmas\u0131, veri sahibinin sa\u011fl\u0131\u011f\u0131na ve cinsel hayat\u0131na ili\u015fkin \u00f6zel nitelikli ki\u015fisel veriler a\u00e7\u0131s\u0131ndan ise kamu sa\u011fl\u0131\u011f\u0131n\u0131n korunmas\u0131, koruyucu hekimlik, t\u0131bbi te\u015fhis, tedavi ve bak\u0131m hizmetlerinin y\u00fcr\u00fct\u00fclmesi, sa\u011fl\u0131k hizmetleri ile finansman\u0131n\u0131n planlanmas\u0131 ve y\u00f6netimi amac\u0131yla, s\u0131r saklama y\u00fck\u00fcml\u00fcl\u00fc\u011f\u00fc alt\u0131nda bulunan ki\u015filer veya yetkili kurum ve kurulu\u015flar taraf\u0131ndan i\u015flenmesi.<\/p>\r\n<p>Bu kapsamda \u015eirketimiz, ki\u015fisel verilerinizi a\u015fa\u011f\u0131daki ama\u00e7larla i\u015flemektedir:<\/p>\r\n<p>\u015eirketimizin ticari faaliyetini y\u00fcr\u00fctebilmek ve m\u00fc\u015fteriler ile kurdu\u011fumuz al\u0131m-sat\u0131m s\u00f6zle\u015fmesine dair edimlerimizi ifa edebilmek; yasal ve\/veya idari y\u00fck\u00fcml\u00fcl\u00fcklerimizi yerine getirebilmek; \u00e7al\u0131\u015fanlar\u0131m\u0131zla akdetti\u011fimiz i\u015f s\u00f6zle\u015fmeleri gere\u011fi i\u015fveren olarak \u00fcstlendi\u011fimiz y\u00fck\u00fcml\u00fcl\u00fckleri yerine getirmek; \u0130\u015f Kanunu, Sosyal Sigortalar ve Genel Sa\u011fl\u0131k Sigortas\u0131 Kanunu, \u0130\u015f Sa\u011fl\u0131\u011f\u0131 ve G\u00fcvenli\u011fi Kanunu ve ilgili mevzuattan kaynaklanan yasal ve\/veya idari y\u00fck\u00fcml\u00fcl\u00fcklerimizi yerine getirmek; \u0130nsan kaynaklar\u0131 s\u00fcre\u00e7lerinin planlanmak ve uygulamak; Personel \u00f6zl\u00fck dosyalar\u0131n\u0131n olu\u015fturmak; \u0130\u015f\u00e7i sa\u011fl\u0131\u011f\u0131 ve i\u015f g\u00fcvenli\u011fi s\u00fcre\u00e7lerini y\u00fcr\u00fctmek; \u0130\u015f ortaklar\u0131m\u0131z, m\u00fc\u015fterilerimiz veya tedarik\u00e7ilerimiz ile olan ili\u015fkileri y\u00f6netmek; Kurumsal ileti\u015fim ve y\u00f6netim faaliyetlerini planlanmak ve uygulamak; \u015eirketimizin, \u00e7al\u0131\u015fanlar\u0131m\u0131z\u0131n, m\u00fc\u015fterilerimizin ve ziyaret\u00e7ilerimizin g\u00fcvenli\u011fini sa\u011flayabilmek; Mevzuattan do\u011fan y\u00fck\u00fcml\u00fcl\u00fcklerimizi yerine getirebilmek i\u00e7in, ilgili resmi ve idari kurumlardan ya da yarg\u0131 mercilerinden gelen talepleri yan\u0131tlamak, gerekliliklerini yerine getirmek.<\/p>\r\n<p>&nbsp;<\/p>\r\n<p><strong>K\u0130\u015e\u0130SEL VER\u0130LER\u0130N AKTARILMASI<\/strong><\/p>\r\n<p>\u015eirketimiz, toplad\u0131\u011f\u0131 ki\u015fisel verileri, Kanun\u2019da \u00f6ng\u00f6r\u00fclen zorunluluklara ve Kurul taraf\u0131ndan al\u0131nan kararlara ve ilan edilen ikincil d\u00fczenlemelere uygun olarak \u00fc\u00e7\u00fcnc\u00fc ki\u015filere aktarmaktad\u0131r.<\/p>\r\n<p>\u015eirketimiz taraf\u0131ndan \u00f6zel nitelikli ki\u015fisel verilerin a\u00e7\u0131k r\u0131za al\u0131narak toplanmas\u0131 halinde, ancak yine veri sahibinin a\u00e7\u0131k r\u0131zas\u0131 olmas\u0131 \u015fart\u0131yla ba\u015fka ger\u00e7ek veya t\u00fczel ki\u015filere aktar\u0131lacakt\u0131r. \u015eu kadar ki bu veriler, Kanun veya di\u011fer kanunlar\u0131n zorunlu k\u0131ld\u0131\u011f\u0131 durumlarda veri sahibinin a\u00e7\u0131k r\u0131zas\u0131 olmadan da mevzuatta \u00f6ng\u00f6r\u00fclen \u015fekilde ve s\u0131n\u0131rlarla ba\u011fl\u0131 olarak, yetkili k\u0131l\u0131nan idari veya adli kurum veya kurulu\u015fa aktar\u0131labilecektir.<\/p>\r\n<p>Bununla birlikte, Kanun\u2019un 5. ve 6. maddelerinde \u00f6ng\u00f6r\u00fclen durumlarda toplad\u0131\u011f\u0131m\u0131z ki\u015fisel veriler \u00f6ng\u00f6r\u00fclen hukuki sebebe ba\u011fl\u0131 olarak \u00fc\u00e7\u00fcnc\u00fc ki\u015filere aktar\u0131labilmektedir. \u015eirketimiz, ki\u015fisel verileri Kanun\u2019da ve ilgili mevzuatta \u00f6ng\u00f6r\u00fclen \u015fartlara uygun olarak ve bu mevzuatta belirtilen t\u00fcm g\u00fcvenlik \u00f6nlemlerini alarak payla\u015fmakta, s\u0131n\u0131fland\u0131rmakta ve i\u015flemektedir. \u0130\u015fbu Politika\u2019n\u0131n y\u00fcr\u00fcrl\u00fck tarihi itibariyle yurtd\u0131\u015f\u0131na veri aktar\u0131m\u0131m\u0131z yoktur. Yukar\u0131da belirttiklerimiz \u00e7er\u00e7evesinde ve Kanun\u2019un 8. maddesinde \u00f6ng\u00f6r\u00fclen d\u00fczenlemelere uyarak; yasal ve s\u00f6zle\u015fmesel y\u00fck\u00fcml\u00fcl\u00fcklerimizi yerine getirebilmek, ticari ama\u00e7lar\u0131m\u0131z ve veri sahibinin temel hak ve \u00f6zg\u00fcrl\u00fcklerini ihlal etmeyecek \u015fekilde me\u015fru menfaatlerimiz do\u011frultusunda mali, hukuksal, i\u015fe al\u0131m gibi hizmetleri alabilmek, kanun ve yarg\u0131 kararlar\u0131 ile idari uygulamalardan do\u011fan y\u00fck\u00fcml\u00fcl\u00fcklerimizi yerine getirebilmek i\u00e7in ve ki\u015fisel verilerin i\u015flenmesinin gerektirdi\u011fi s\u0131n\u0131rlar dahilinde ki\u015fisel verileri yetkili kurum ve kurulu\u015flar, adli, resmi ve idari makamlara aktarabiliyoruz. Kanun\u2019un 8. maddesi ve i\u015fbu Politikam\u0131z etraf\u0131nda yapaca\u011f\u0131m\u0131z veri aktar\u0131m\u0131 verinin Kanun\u2019a ayk\u0131r\u0131 \u015fekilde i\u015flendi\u011fi anlam\u0131nda olmay\u0131p, bu ba\u011flamda veri aktar\u0131m\u0131 yapt\u0131\u011f\u0131m\u0131z ve yapaca\u011f\u0131m\u0131z t\u00fcm ger\u00e7ek ve t\u00fczel ki\u015filere veriyi uygun g\u00fcvenlik d\u00fczeyini temin etmeye y\u00f6nelik gerekli her t\u00fcrl\u00fc idari ve teknik tedbirlerin al\u0131nd\u0131\u011f\u0131n\u0131 beyan ederiz.<\/p>\r\n<p>Ki\u015fisel verileriniz s\u00f6zl\u00fc, yaz\u0131l\u0131 veya elektronik ortamda; web sitemiz, e-posta veya yaz\u0131l\u0131 ba\u015fvuru gibi kanallar arac\u0131l\u0131\u011f\u0131yla toplanabilir. Veriler yasal s\u00fcrelere tabi olarak kendi veri tabanlar\u0131m\u0131zda tutulmakta, bulut ortam\u0131na aktar\u0131lmamaktad\u0131r.<\/p>\r\n<p>Bu kapsamda;<\/p>\r\n<p>Ki\u015fisel verilerinizin korunmas\u0131na y\u00f6nelik haklar\u0131n\u0131z hakk\u0131nda ayr\u0131nt\u0131l\u0131 bilgi alma,<\/p>\r\n<p>Ki\u015fisel verilerinizin i\u015flenip i\u015flenmedi\u011fini \u00f6\u011frenme,<\/p>\r\n<p>Ki\u015fisel verileriniz i\u015flenmi\u015fse bilgi talep etme,<\/p>\r\n<p>Ki\u015fisel verinin i\u015flenme amac\u0131n\u0131 ve bu amac\u0131na uygun kullan\u0131l\u0131p kullan\u0131lmad\u0131\u011f\u0131n\u0131 \u00f6\u011frenme,<\/p>\r\n<p>Ki\u015fisel verinin aktar\u0131l\u0131p aktar\u0131lmad\u0131\u011f\u0131n\u0131, aktar\u0131lm\u0131\u015fsa aktar\u0131m yap\u0131lan 3. ki\u015fileri \u00f6\u011frenme,<\/p>\r\n<p>Ki\u015fisel veriler eksik ya da yanl\u0131\u015f i\u015flenmi\u015fse d\u00fczeltilmesini talep etme,<\/p>\r\n<p>Mevzuatta \u00f6ng\u00f6r\u00fclen \u015fartlar \u00e7er\u00e7evesinde silinmesini isteme,<\/p>\r\n<p>Aktar\u0131m yap\u0131lan 3. ki\u015filere ki\u015fisel verilerin d\u00fczeltilmesinin, silinmesinin iletilmesini talep etme,<\/p>\r\n<p>Kanuna ayk\u0131r\u0131 olarak i\u015flenmesi sebebiyle zarara u\u011framan\u0131z h\u00e2linde zarar\u0131n giderilmesini talep etme,<\/p>\r\n<p>Ki\u015fisel veri sahipleri yukar\u0131da s\u0131ralanan haklar\u0131na ili\u015fkin taleplerini, hak sahibi olduklar\u0131n\u0131 belgelendirmek suretiyle, https:\/\/ulusalfair.com\/ web sitemizde bulunan ileti\u015fim formlar\u0131 arac\u0131l\u0131\u011f\u0131yla elektronik ortamda \u015firketimizin ULUSAL FUARCILIK ORGAN\u0130ZASYON T\u0130CARET L\u0130M\u0130TED \u015e\u0130RKET\u0130, Merkez Mah. \u0130smet Pa\u015fa Cad. Akg\u00fcn \u0130\u015f Merkezi No: 1 \/ 11 Ka\u011f\u0131thane \/ \u0130stanbul adresine noter yoluyla \u00e7ekilecek ihtarname ile veya kimlik ibraz\u0131yla \u015firketimize ba\u015fvuru formu ile yap\u0131lacak \u015fahsen ba\u015fvurular ile iletebilirler veya https:\/\/ulusalfair.com\/ web sitemizde bulunan ileti\u015fim bilgilerimiz \u00fczerinden, noter kanal\u0131yla veya g\u00fcvenli elektronik imza kullanmak kayd\u0131yla\u00a0<a href=\"mailto:ulusal@ulusalfair.com\">ulusal@ulusalfair.com<\/a>\u00a0Adresine elektronik imzal\u0131 olarak iletebilirsiniz. Veri sahibinin b\u00f6yle bir talebinin \u015eirketimize iletilmesi halinde, talebin niteli\u011fine g\u00f6re en ge\u00e7 otuz (30) g\u00fcn i\u00e7inde ilgili talep sonu\u00e7land\u0131r\u0131lmaktad\u0131r. Veri sahibinin talep etti\u011fi i\u015flemin ayr\u0131ca bir maliyeti gerektirmesi halinde veya yaz\u0131l\u0131 olarak verilecek cevab\u0131m\u0131z\u0131n on (10) sayfay\u0131 a\u015fmas\u0131 halinde, 10.03.2018 tarihli ve 30356 say\u0131l\u0131 Resmi Gazete\u2019de yay\u0131mlanm\u0131\u015f Veri Sorumlusuna Ba\u015fvuru Usul ve Esaslar\u0131 Hakk\u0131nda Tebli\u011f\u2019in 7. maddesinde belirtilen \u00fccret al\u0131nabilecektir.<\/p>\r\n<p>&nbsp;<\/p>\r\n<p><strong>ULUSAL FUARCILIK ORGAN\u0130ZASYON T\u0130CARET L\u0130M\u0130TED \u015e\u0130RKET\u0130 KULLANIM \u015eARTLARI, G\u0130ZL\u0130L\u0130K VE \u00c7EREZ POL\u0130T\u0130KAMIZ<\/strong><\/p>\r\n<p>Gizlilik politikas\u0131, bu site arac\u0131l\u0131\u011f\u0131yla, ya da bu siteyle ba\u011flant\u0131l\u0131 olarak bize ula\u015fan ki\u015fisel bilgilerinizin kullan\u0131m\u0131n\u0131 kapsamaktad\u0131r.<\/p>\r\n<p>Bu sitede toplanan ki\u015fisel veriler ULUSAL FUARCILIK ORGAN\u0130ZASYON T\u0130CARET L\u0130M\u0130TED \u015e\u0130RKET\u0130 taraf\u0131ndan y\u00f6netilmektedir.<\/p>\r\n<p>&nbsp;<\/p>\r\n<p><strong>B\u0130LG\u0130LER\u0130N TOPLANMASI VE KULLANIMI<\/strong><\/p>\r\n<p>Ki\u015fisel bilgilerinizi (\u00f6rne\u011fin ad, adres, telefon numaras\u0131 ve e-posta) a\u015fa\u011f\u0131daki ama\u00e7larla al\u0131yor ve kullan\u0131yoruz:<\/p>\r\n<p>Sizlerden gelen soru ya da talepleri kar\u015f\u0131lamak i\u00e7in<\/p>\r\n<p>Sizlerden gelen ba\u015fvurular\u0131 i\u015fleme koymak i\u00e7in<\/p>\r\n<p>Sizlerle aram\u0131zda mevcut bulunan y\u00fck\u00fcml\u00fcl\u00fcklerimizi yerine getirmek i\u00e7in<\/p>\r\n<p>Sizlere sa\u011flanan hizmetlerle ilgili sorunlar\u0131 \u00f6ng\u00f6rebilmek ve \u00e7\u00f6z\u00fcmlemek i\u00e7in<\/p>\r\n<p>\u0130htiya\u00e7lar\u0131n\u0131z\u0131 kar\u015f\u0131layabilecek \u00fcr\u00fcn ya da hizmetler yaratabilmek i\u00e7in.<\/p>\r\n<p>Bu gizlilik politikas\u0131nda belirtilen durumlar d\u0131\u015f\u0131nda kimli\u011finizin tespit edilmesine yol a\u00e7abilecek bilgilerinizi, yasal nedenlerden kaynakl\u0131 mecbur kalmad\u0131\u011f\u0131m\u0131z s\u00fcrece, ya da haklar\u0131m\u0131z\u0131, varl\u0131klar\u0131m\u0131z\u0131 ya da ki\u015fisel emniyetimizi ve kullan\u0131c\u0131lar\u0131m\u0131z\u0131n\/m\u00fc\u015fterilerimizin emniyetini korumak ve\/veya savunmak ve benzeri nedenlerle a\u00e7\u0131klamam\u0131z gerekmedik\u00e7e, sizin izniniz olmadan a\u00e7\u0131klamayaca\u011f\u0131z.<\/p>\r\n<p>Ki\u015fisel bilgilerinizi yukar\u0131da belirtilenler d\u0131\u015f\u0131ndaki nedenlerle (geli\u015fme ve yeniliklerden haberdar etme, sizlerin kat\u0131l\u0131m\u0131n\u0131n yarar\u0131na olacak etkinliklerde h\u0131zl\u0131 kay\u0131t ger\u00e7ekle\u015ftirme pazar ara\u015ft\u0131rmalar\u0131 ve verilerinin izlenmesi amac\u0131yla, size \u00fcr\u00fcn ve hizmetlerimiz hakk\u0131nda bilgi vermek ve bu kapsamda size ula\u015fmak amac\u0131yla, ilginizi \u00e7ekebilecek bilgileri sizlere g\u00f6nderebilmek amac\u0131yla vb.) kullanma se\u00e7ene\u011fini tercih etmeniz halinde bilgilerinizi bizlere ula\u015ft\u0131rd\u0131\u011f\u0131n\u0131zda bu \u015fekilde bir kullan\u0131ma onay vermeniz halinde bu gibi ama\u00e7larla kullanaca\u011f\u0131z. Ayr\u0131ca sizin olumlu g\u00f6r\u00fc\u015f\u00fcn\u00fcz\u00fc almak suretiyle ad\u0131n\u0131z\u0131, adresinizi, ya da bizimle payla\u015ft\u0131\u011f\u0131n\u0131z herhangi bir ba\u015fka ki\u015fisel bilginizi, belirleyece\u011fimiz, ULUSAL FUARCILIK ORGAN\u0130ZASYON T\u0130CARET L\u0130M\u0130TED \u015e\u0130RKET\u0130 d\u0131\u015f\u0131ndaki \u00fc\u00e7\u00fcnc\u00fc \u015fah\u0131slara aktarmak isteyebiliriz. S\u00f6z konusu \u00fc\u00e7\u00fcnc\u00fc \u015fah\u0131slar bu bilgileri pazar ara\u015ft\u0131rmalar\u0131 ve verilerinin izlenmesi, size \u00fcr\u00fcn ve hizmetlerimiz hakk\u0131nda bilgi vermek ve bu kapsamda size ula\u015fmak, ilginizi \u00e7ekebilecek bilgileri sizlere g\u00f6nderebilmek gibi ama\u00e7larla kullanabilirler. Bilgilerinizin bu ama\u00e7larla kullan\u0131m\u0131na bir son vermek isterseniz taraf\u0131m\u0131za a\u015fa\u011f\u0131da belirtilen yaz\u0131l\u0131 e-mail adresinden ula\u015fman\u0131z halinde, kullan\u0131ma tercihiniz do\u011frultusunda son verilecektir. B\u00f6yle bir durumda ki\u015fisel verilerinizi yukar\u0131daki b\u00f6l\u00fcmde belirtilen ama\u00e7larla, makul \u00f6l\u00e7\u00fclerde kullanmaya devam edece\u011fiz.<\/p>\r\n<p>&nbsp;<\/p>\r\n<p><strong>K\u0130\u015e\u0130SEL OLMAYAN B\u0130LG\u0130LER\u0130N TOPLANMASI<\/strong><\/p>\r\n<p>Kulland\u0131\u011f\u0131n\u0131z internet taray\u0131c\u0131 t\u00fcr\u00fc ya da bizim sitemize ba\u011fland\u0131\u011f\u0131n\u0131z web sitesi gibi ki\u015fisel olmayan bilgilerinizi de otomatik olarak toplayabiliriz.<\/p>\r\n<p>Ayr\u0131ca siteye g\u00f6nderdi\u011finiz detay bilgileri (\u00f6rne\u011fin ya\u015f\u0131n\u0131z ya da ya\u015fad\u0131\u011f\u0131n\u0131z kent) de toplayabiliriz. Bu bilgilerle kimli\u011finiz saptanamaz ve bunlar yaln\u0131z sitenin etkin hizmet sa\u011flamas\u0131 i\u00e7in kullan\u0131l\u0131r.<\/p>\r\n<p>Zaman zaman bu t\u00fcrden ki\u015fisel olmayan ya da toplu verileri bu siteyle ba\u011flant\u0131l\u0131 ama\u00e7larla kullanmalar\u0131 i\u00e7in \u00fc\u00e7\u00fcnc\u00fc \u015fah\u0131slarla da payla\u015fabiliriz.<\/p>\r\n<p>&nbsp;<\/p>\r\n<p><strong>\u00c7EREZLER\u0130N (COOK\u0130ES) KULLANIMI<\/strong><\/p>\r\n<p>\u0130nternet sitemizden en verimli \u015fekilde faydalanabilmeniz ve kullan\u0131c\u0131 deneyiminizi geli\u015ftirebilmek i\u00e7in \u00e7erez kullan\u0131yoruz. \u00c7erez kullan\u0131lmas\u0131n\u0131 tercih etmezseniz taray\u0131c\u0131n\u0131z\u0131n ayarlar\u0131ndan \u00e7erezleri silebilir ya da engelleyebilirsiniz. Ancak bunun internet sitemizi kullan\u0131m\u0131n\u0131z\u0131 etkileyebilece\u011fini hat\u0131rlatmak isteriz. Taray\u0131c\u0131n\u0131zdan \u00e7erez ayarlar\u0131n\u0131z\u0131 de\u011fi\u015ftirmedi\u011finiz s\u00fcrece bu sitede \u00e7erez kullan\u0131m\u0131n\u0131 kabul etti\u011finizi varsayaca\u011f\u0131z. Sitemizi izlerken genel olarak \u201ccookies\u201d (\u00e7erez) olarak adland\u0131r\u0131lan baz\u0131 bilgileri bilgisayar\u0131n\u0131zda depolayabiliriz. Web sitemizi tekrar ziyaret etti\u011finizde bu \u00e7erezleri bilgi ama\u00e7l\u0131 olarak okuyabiliriz. Toplad\u0131\u011f\u0131m\u0131z bilgi t\u00fcr\u00fc PC\u2019nize \u00f6zg\u00fcd\u00fcr, anonimdir ve IP adresinizi, PC\u2019nin web sitesini ziyaret tarih ve saati, web sitemizin hangi b\u00f6l\u00fcmlerinin ziyaret edildi\u011fi ve ula\u015f\u0131lmak istenen web sayfalar\u0131n\u0131n ba\u015far\u0131yla size sunulup sunulmad\u0131\u011f\u0131 gibi verileri i\u00e7erir<\/p>\r\n<p>\u00c7erez verilerinden, web sitemizin kullan\u0131m\u0131na ili\u015fkin daha fazla bilgiye sahip olmak ve web sitemizin optimum seviyede \u00e7al\u0131\u015f\u0131p \u00e7al\u0131\u015fmad\u0131\u011f\u0131n\u0131 g\u00f6rebilmek amac\u0131yla yararlan\u0131r\u0131z.<\/p>\r\n<p>Bilgisayar\u0131n\u0131z\u0131n ayarlar\u0131n\u0131 de\u011fi\u015ftirerek bu bilgileri silebilir ya da bloke edebilirsiniz. Bu bilgileri siler ya da bloke ederseniz, sitenin baz\u0131 \u00f6zelliklerinden yararlanamayabilirsiniz.<\/p>\r\n<p>&nbsp;<\/p>\r\n<p><strong>KAYITLARIMIZIN DO\u011eRU OLARAK TUTULMASI<\/strong><\/p>\r\n<p>Bizde bulunan size ait bilgilerin m\u00fcmk\u00fcn oldu\u011funca do\u011fru olmas\u0131n\u0131 ama\u00e7lamaktay\u0131z.<\/p>\r\n<p>Bize sundu\u011funuz bilgileri g\u00f6zden ge\u00e7irmek ya da de\u011fi\u015fiklik yapmak istemeniz durumunda l\u00fctfen bizimle a\u015fa\u011f\u0131daki belirtilen \u015fekilde ba\u011flant\u0131 kurun.<\/p>\r\n<p>&nbsp;<\/p>\r\n<p><strong>K\u0130\u015e\u0130SEL VER\u0130LER\u0130N\u0130Z\u0130N G\u00dcVENL\u0130\u011e\u0130<\/strong><\/p>\r\n<p>Ki\u015fisel bilgilerinize yetkili olmayan ki\u015filer taraf\u0131ndan ula\u015f\u0131lmas\u0131n\u0131 ve do\u011fru olmayan \u015fekillerde kullan\u0131lmas\u0131n\u0131 engellemek i\u00e7in teknolojik \u00f6nlemler almakta ve bu amaca y\u00f6nelik politikalar uygulamaktay\u0131z. Bu \u00f6nlemleri uygun yeni teknolojiler geli\u015ftik\u00e7e g\u00fcncelleyece\u011fiz. Bizim web sitemizdeki bir link arac\u0131l\u0131\u011f\u0131yla ula\u015fm\u0131\u015f oldu\u011funuz, bizim web sitemize di\u011fer bir web sitesindeki linkten ula\u015fm\u0131\u015f olsan\u0131z bile, di\u011fer web sitelerinin gizlilik politikalar\u0131 ve uygulamalar\u0131ndan sorumlu olamay\u0131z.<\/p>\r\n<p>&nbsp;<\/p>\r\n<p><strong>\u00d6DEME VE S\u0130PAR\u0130\u015eLER<\/strong><\/p>\r\n<p>M\u00fc\u015fteri (son kullan\u0131c\u0131), \u00f6deme y\u00f6ntemine, \u00fcyeli\u011fine ve sipari\u015fine ili\u015fkin bilgilerin, \u00f6demenin ger\u00e7ekle\u015ftirilebilmesi ve \u00f6deme usuls\u00fczl\u00fcklerinin \u00f6nlenmesi, ara\u015ft\u0131r\u0131lmas\u0131 ve tespit edilmesini temin amac\u0131yla iyzico \u00d6deme Hizmetleri A.\u015e.\u2019ye aktar\u0131lmas\u0131na ve iyzico taraf\u0131ndan https:\/\/www.iyzico.com\/gizlilik-politikasi\/ adresindeki Gizlilik Politikas\u0131\u2019n\u0131n en g\u00fcncel halinde a\u00e7\u0131kland\u0131\u011f\u0131 \u015fekilde i\u015flenmesine ve saklanmas\u0131na r\u0131za g\u00f6stermektedir.<\/p>\r\n<p>&nbsp;<\/p>\r\n<p><strong>BA\u015eKA K\u0130\u015e\u0130LER\u0130N K\u0130\u015e\u0130SEL B\u0130LG\u0130LER\u0130N\u0130N VER\u0130LMES\u0130<\/strong><\/p>\r\n<p>Sitede \u00fcr\u00fcn ve hizmetlerimiz hakk\u0131nda bilgi ula\u015ft\u0131rmak amac\u0131yla, \u00f6rne\u011fin ailenizin ya da arkada\u015flar\u0131n\u0131z\u0131n ki\u015fisel bilgileri istenebilir. Bu bilgileri ula\u015ft\u0131rmadan \u00f6nce l\u00fctfen bilgilerinin bu \u015fekilde kullan\u0131lmas\u0131 i\u00e7in s\u00f6z konusu ki\u015filerin onay\u0131n\u0131 al\u0131n. Bu \u015fah\u0131slara ait bilgiler bu gizlilik politikas\u0131yla uyu\u015fmayan \u015fekillerde kullan\u0131lmayacakt\u0131r.<\/p>\r\n<p>Gizlilik politikam\u0131z de\u011fi\u015febilir, sizleri bilgilendirmek ad\u0131na de\u011fi\u015fim oldu\u011funda bunu sayfam\u0131zda yay\u0131nlayaca\u011f\u0131z. L\u00fctfen gizlilik politikam\u0131z\u0131 d\u00fczenli olarak kontrol edin.<\/p>\r\n<p>Bizimle gizlilik politikam\u0131zla ilgili ba\u011flant\u0131ya ge\u00e7mek isterseniz, ulusal@ulusalfair.com adresinden ula\u015fabilirsiniz.<\/p>","protected":false},"excerpt":{"rendered":"<p>K\u0130\u015e\u0130SEL VER\u0130LER\u0130N KORUNMASI KANUNU KAPSAMINDA AYDINLATMA METN\u0130 ULUSAL FUARCILIK ORGAN\u0130ZASYON T\u0130CARET L\u0130M\u0130TED \u015e\u0130RKET\u0130,\u00a0 6698 SAYILI K\u0130\u015e\u0130SEL VER\u0130LER\u0130N KORUNMASI KANUNU KAPSAMINDA AYDINLATMA METN\u0130 Ulusal Fuarc\u0131l\u0131k Organizasyon Ticaret Limited \u015eirketi, y\u00fcr\u00fctt\u00fc\u011f\u00fc faaliyetler kapsam\u0131nda i\u015fledi\u011fi ki\u015fisel verilerinizi korumak i\u00e7in, 6698 Say\u0131l\u0131 Ki\u015fisel Verilerin Korunmas\u0131 Kanunu\u2019na (\u201cKVKK\u201d) uygun olarak her t\u00fcrl\u00fc teknik ve hukuki tedbiri almaktad\u0131r. \u0130lgili ki\u015filer; i\u015flenen [&#8230;]","protected":false},"author":1,"featured_media":0,"parent":0,"menu_order":0,"comment_status":"closed","ping_status":"open","template":"","meta":{"footnotes":""},"class_list":["post-3","page","type-page","status-publish","hentry"],"_links":{"self":[{"href":"https:\/\/ticket.petzooafrica.com\/ar\/wp-json\/wp\/v2\/pages\/3","targetHints":{"allow":["GET"]}}],"collection":[{"href":"https:\/\/ticket.petzooafrica.com\/ar\/wp-json\/wp\/v2\/pages"}],"about":[{"href":"https:\/\/ticket.petzooafrica.com\/ar\/wp-json\/wp\/v2\/types\/page"}],"author":[{"embeddable":true,"href":"https:\/\/ticket.petzooafrica.com\/ar\/wp-json\/wp\/v2\/users\/1"}],"replies":[{"embeddable":true,"href":"https:\/\/ticket.petzooafrica.com\/ar\/wp-json\/wp\/v2\/comments?post=3"}],"version-history":[{"count":1,"href":"https:\/\/ticket.petzooafrica.com\/ar\/wp-json\/wp\/v2\/pages\/3\/revisions"}],"predecessor-version":[{"id":397,"href":"https:\/\/ticket.petzooafrica.com\/ar\/wp-json\/wp\/v2\/pages\/3\/revisions\/397"}],"wp:attachment":[{"href":"https:\/\/ticket.petzooafrica.com\/ar\/wp-json\/wp\/v2\/media?parent=3"}],"curies":[{"name":"wp","href":"https:\/\/api.w.org\/{rel}","templated":true}]}}